{"id":34,"date":"2012-06-17T16:01:13","date_gmt":"2012-06-17T16:01:13","guid":{"rendered":"http:\/\/www.sitest.it\/blog\/?page_id=34"},"modified":"2018-12-11T15:22:33","modified_gmt":"2018-12-11T15:22:33","slug":"responsabilita-e-diritti","status":"publish","type":"page","link":"https:\/\/www.sitest.it\/blog\/responsabilita-e-diritti\/","title":{"rendered":"Responsabilit\u00e0 e diritti"},"content":{"rendered":"<p>E&#8217; stato istituito questo sito Web per condividere le informazione relative al monto della certificazione energetica, ai Piani Regolatori Generali Comunali, in genere ad attivit\u00e0 connesse con l&#8217;urbanistica ed il territorio ed altri miei interessi. L&#8217;obiettivo perseguito \u00e8 quello di condividere la conoscenza e allargare la discussione. Qualora dovessero essere segnalati degli errori, si provveder\u00e0 a correggerli.<\/p>\n<p>Non si assume alcuna responsabilit\u00e0 per quanto riguarda il materiale contenuto nel sito.<\/p>\n<p>Tali informazioni:<\/p>\n<ul>\n<li>sono di carattere esclusivamente generale, e non riguardano fatti specifici relativi ad una persona o ad un organismo determinati;<\/li>\n<li>non sempre sono necessariamente esaurienti, complete, precise o aggiornate;<\/li>\n<li>sono talvolta collegate con siti esterni sui quali non si ha alcun controllo e per i quali non si assume alcuna responsabilit\u00e0;<\/li>\n<li>non costituiscono un parere di tipo professionale o legale (per una consulenza specifica \u00e8 sempre necessario rivolgersi ad un professionista debitamente qualificato).<\/li>\n<\/ul>\n<p>Va ricordato che non si pu\u00f2 garantire che un documento disponibile online riproduca esattamente un testo adottato ufficialmente. Pertanto solo la documentazione pubblicata nelle edizioni su carta o fornita dagli enti proprietari dell&#8217;informazione pu\u00f2 essere considerata autentica.<\/p>\n<p>Ogni attivit\u00e0 si preoccupa di ridurre al minimo le disfunzioni imputabili a problemi tecnici.<\/p>\n<p>Non si assume alcuna responsabilit\u00e0 in merito agli eventuali problemi che possono insorgere per effetto dell&#8217;utilizzazione del sito Web o di eventuali siti web esterni ad esso collegati. A causa della natura dei servizi interattivi e di Internet in generale, non si rilascia nessuna garanzia o impegno che l&#8217;uso del sito Web sia libero da interruzioni e errori e non si accetta nessuna responsabilit\u00e0 o obbligo rispetto a, o sorgente da, difetti di comunicazione, ritardi o cadute della rete (temporanei o di altro genere) mentre si usa il sito Web.<\/p>\n<p>La presente clausola di esclusione della responsabilit\u00e0 non ha lo scopo di eludere il rispetto di requisiti prescritti dalle legislazioni nazionali vigenti, n\u00e8 di escludere la responsabilit\u00e0 nei casi per i quali essa non puo&#8217; essere esclusa ai sensi delle legislazioni nazionali.<\/p>\n<p>Qualsiasi accesso abusivo, alterazione, falsificazione, modificazione o cancellazione in tutto o in parte del contenuto delle informazioni pubblicate, ovvero impedimento o turbamento del funzionamento di questo sito Web \u00e8 severamente vietato e gli autori saranno perseguiti a norma del Codice Penale e delle Leggi in tema di criminalit\u00e0 informatica.<\/p>\n<p><a href=\"http:\/\/creativecommons.org\/licenses\/by-sa\/3.0\/it\/\" rel=\"license\"><img style=\"border-width: 0;\" src=\"http:\/\/i.creativecommons.org\/l\/by-sa\/3.0\/it\/88x31.png\" alt=\"Licenza Creative Commons\" \/><\/a><br \/>I contenuti di questo sito sono distribuiti con <a href=\"http:\/\/creativecommons.org\/licenses\/by-sa\/3.0\/it\/\" rel=\"license\">licenza Creative Commons Attribuzione &#8211; Condividi allo stesso modo 3.0 Italia<\/a>.<\/p>\n<p>Leggi i tuoi diritti sulla <a href=\"https:\/\/www.sitest.it\/blog\/privacy\/\">Privacy<\/a>.<\/p>\n<p>Leggi le informazioni sui <a href=\"https:\/\/www.sitest.it\/blog\/privacy\/cookie\/\">Cookye<\/a>.<\/p>\n\n\n<p><\/p>\n","protected":false},"excerpt":{"rendered":"<p>E&#8217; stato istituito questo sito Web per condividere le informazione relative al monto della certificazione energetica, ai Piani Regolatori Generali Comunali, in genere ad attivit\u00e0 connesse con l&#8217;urbanistica ed il territorio ed altri miei interessi. L&#8217;obiettivo perseguito \u00e8 quello di condividere la conoscenza e allargare la discussione. Qualora dovessero essere segnalati degli errori, si provveder\u00e0 &hellip; <\/p>\n<p class=\"link-more\"><a href=\"https:\/\/www.sitest.it\/blog\/responsabilita-e-diritti\/\" class=\"more-link\">Leggi tutto<span class=\"screen-reader-text\"> &#8220;Responsabilit\u00e0 e diritti&#8221;<\/span><\/a><\/p>\n","protected":false},"author":2,"featured_media":0,"parent":0,"menu_order":0,"comment_status":"closed","ping_status":"open","template":"","meta":[],"yoast_head":"<!-- This site is optimized with the Yoast SEO plugin v15.7 - https:\/\/yoast.com\/wordpress\/plugins\/seo\/ -->\n<title>Responsabilit\u00e0 e diritti - SITEST<\/title>\n<meta name=\"robots\" content=\"index, follow, max-snippet:-1, max-image-preview:large, max-video-preview:-1\" \/>\n<link rel=\"canonical\" href=\"https:\/\/www.sitest.it\/blog\/responsabilita-e-diritti\/\" \/>\n<meta property=\"og:locale\" content=\"it_IT\" \/>\n<meta property=\"og:type\" content=\"article\" \/>\n<meta property=\"og:title\" content=\"Responsabilit\u00e0 e diritti - SITEST\" \/>\n<meta property=\"og:description\" content=\"E&#8217; stato istituito questo sito Web per condividere le informazione relative al monto della certificazione energetica, ai Piani Regolatori Generali Comunali, in genere ad attivit\u00e0 connesse con l&#8217;urbanistica ed il territorio ed altri miei interessi. L&#8217;obiettivo perseguito \u00e8 quello di condividere la conoscenza e allargare la discussione. Qualora dovessero essere segnalati degli errori, si provveder\u00e0 &hellip; Leggi tutto &quot;Responsabilit\u00e0 e diritti&quot;\" \/>\n<meta property=\"og:url\" content=\"https:\/\/www.sitest.it\/blog\/responsabilita-e-diritti\/\" \/>\n<meta property=\"og:site_name\" content=\"SITEST\" \/>\n<meta property=\"article:modified_time\" content=\"2018-12-11T15:22:33+00:00\" \/>\n<meta property=\"og:image\" content=\"http:\/\/i.creativecommons.org\/l\/by-sa\/3.0\/it\/88x31.png\" \/>\n<meta name=\"twitter:label1\" content=\"Tempo di lettura stimato\">\n\t<meta name=\"twitter:data1\" content=\"2 minuti\">\n<script type=\"application\/ld+json\" class=\"yoast-schema-graph\">{\"@context\":\"https:\/\/schema.org\",\"@graph\":[{\"@type\":\"WebSite\",\"@id\":\"https:\/\/www.sitest.it\/blog\/#website\",\"url\":\"https:\/\/www.sitest.it\/blog\/\",\"name\":\"SITEST\",\"description\":\"Tra GIS e Certificazione energetica\",\"potentialAction\":[{\"@type\":\"SearchAction\",\"target\":\"https:\/\/www.sitest.it\/blog\/?s={search_term_string}\",\"query-input\":\"required name=search_term_string\"}],\"inLanguage\":\"it-IT\"},{\"@type\":\"ImageObject\",\"@id\":\"https:\/\/www.sitest.it\/blog\/responsabilita-e-diritti\/#primaryimage\",\"inLanguage\":\"it-IT\",\"url\":\"http:\/\/i.creativecommons.org\/l\/by-sa\/3.0\/it\/88x31.png\"},{\"@type\":\"WebPage\",\"@id\":\"https:\/\/www.sitest.it\/blog\/responsabilita-e-diritti\/#webpage\",\"url\":\"https:\/\/www.sitest.it\/blog\/responsabilita-e-diritti\/\",\"name\":\"Responsabilit\\u00e0 e diritti - SITEST\",\"isPartOf\":{\"@id\":\"https:\/\/www.sitest.it\/blog\/#website\"},\"primaryImageOfPage\":{\"@id\":\"https:\/\/www.sitest.it\/blog\/responsabilita-e-diritti\/#primaryimage\"},\"datePublished\":\"2012-06-17T16:01:13+00:00\",\"dateModified\":\"2018-12-11T15:22:33+00:00\",\"inLanguage\":\"it-IT\",\"potentialAction\":[{\"@type\":\"ReadAction\",\"target\":[\"https:\/\/www.sitest.it\/blog\/responsabilita-e-diritti\/\"]}]}]}<\/script>\n<!-- \/ Yoast SEO plugin. -->","_links":{"self":[{"href":"https:\/\/www.sitest.it\/blog\/wp-json\/wp\/v2\/pages\/34"}],"collection":[{"href":"https:\/\/www.sitest.it\/blog\/wp-json\/wp\/v2\/pages"}],"about":[{"href":"https:\/\/www.sitest.it\/blog\/wp-json\/wp\/v2\/types\/page"}],"author":[{"embeddable":true,"href":"https:\/\/www.sitest.it\/blog\/wp-json\/wp\/v2\/users\/2"}],"replies":[{"embeddable":true,"href":"https:\/\/www.sitest.it\/blog\/wp-json\/wp\/v2\/comments?post=34"}],"version-history":[{"count":6,"href":"https:\/\/www.sitest.it\/blog\/wp-json\/wp\/v2\/pages\/34\/revisions"}],"predecessor-version":[{"id":740,"href":"https:\/\/www.sitest.it\/blog\/wp-json\/wp\/v2\/pages\/34\/revisions\/740"}],"wp:attachment":[{"href":"https:\/\/www.sitest.it\/blog\/wp-json\/wp\/v2\/media?parent=34"}],"curies":[{"name":"wp","href":"https:\/\/api.w.org\/{rel}","templated":true}]}}